{"id":246,"date":"2017-08-08T20:31:48","date_gmt":"2017-08-08T20:31:48","guid":{"rendered":"http:\/\/localhost\/grassy\/?page_id=246"},"modified":"2023-10-23T20:25:30","modified_gmt":"2023-10-23T18:25:30","slug":"one-page","status":"publish","type":"page","link":"https:\/\/ohmcare.com\/","title":{"rendered":"Home"},"content":{"rendered":"\t\t<div data-elementor-type=\"wp-page\" data-elementor-id=\"246\" class=\"elementor elementor-246\">\n\t\t\t\t\t\t\t<div class=\"elementor-element elementor-element-9933a35 e-flex e-con-boxed e-con e-parent\" data-id=\"9933a35\" data-element_type=\"container\" data-settings=\"{&quot;content_width&quot;:&quot;boxed&quot;}\" data-core-v316-plus=\"true\">\n\t\t\t\t\t<div class=\"e-con-inner\">\n\t\t\t\t<div class=\"elementor-element elementor-element-f2beaf9 elementor-widget elementor-widget-heading\" data-id=\"f2beaf9\" data-element_type=\"widget\" data-widget_type=\"heading.default\">\n\t\t\t\t<div class=\"elementor-widget-container\">\n\t\t\t<style>\/*! elementor - v3.16.0 - 17-10-2023 *\/\n.elementor-heading-title{padding:0;margin:0;line-height:1}.elementor-widget-heading .elementor-heading-title[class*=elementor-size-]>a{color:inherit;font-size:inherit;line-height:inherit}.elementor-widget-heading .elementor-heading-title.elementor-size-small{font-size:15px}.elementor-widget-heading .elementor-heading-title.elementor-size-medium{font-size:19px}.elementor-widget-heading .elementor-heading-title.elementor-size-large{font-size:29px}.elementor-widget-heading .elementor-heading-title.elementor-size-xl{font-size:39px}.elementor-widget-heading .elementor-heading-title.elementor-size-xxl{font-size:59px}<\/style><h2 class=\"elementor-heading-title elementor-size-default\">La detection de chute<\/h2>\t\t<\/div>\n\t\t\t\t<\/div>\n\t\t\t\t\t<\/div>\n\t\t\t\t<\/div>\n\t\t<div class=\"elementor-element elementor-element-1832ca9 e-flex e-con-boxed e-con e-parent\" data-id=\"1832ca9\" data-element_type=\"container\" data-settings=\"{&quot;content_width&quot;:&quot;boxed&quot;}\" data-core-v316-plus=\"true\">\n\t\t\t\t\t<div class=\"e-con-inner\">\n\t\t\t\t<div class=\"elementor-element elementor-element-ede6b46 elementor-widget__width-initial elementor-widget elementor-widget-text-editor\" data-id=\"ede6b46\" data-element_type=\"widget\" data-widget_type=\"text-editor.default\">\n\t\t\t\t<div class=\"elementor-widget-container\">\n\t\t\t<style>\/*! elementor - v3.16.0 - 17-10-2023 *\/\n.elementor-widget-text-editor.elementor-drop-cap-view-stacked .elementor-drop-cap{background-color:#69727d;color:#fff}.elementor-widget-text-editor.elementor-drop-cap-view-framed .elementor-drop-cap{color:#69727d;border:3px solid;background-color:transparent}.elementor-widget-text-editor:not(.elementor-drop-cap-view-default) .elementor-drop-cap{margin-top:8px}.elementor-widget-text-editor:not(.elementor-drop-cap-view-default) .elementor-drop-cap-letter{width:1em;height:1em}.elementor-widget-text-editor .elementor-drop-cap{float:left;text-align:center;line-height:1;font-size:50px}.elementor-widget-text-editor .elementor-drop-cap-letter{display:inline-block}<\/style>\t\t\t\t<h5 class=\"styles_resultArea__Y7sp9 styles_outputBackground__TJhLY\"><span class=\"\"><span class=\"styles_wordWithSynonyms__8M9z7\">Notre<\/span> <span class=\"styles_wordWithSynonyms__8M9z7\">syst\u00e8me<\/span> <span class=\"styles_wordWithSynonyms__8M9z7\">innovant<\/span> <span class=\"styles_wordWithSynonyms__8M9z7\">de<\/span> <span class=\"styles_wordWithSynonyms__8M9z7\">d\u00e9tection<\/span> <span class=\"styles_wordWithSynonyms__8M9z7\">de<\/span> <span class=\"styles_wordWithSynonyms__8M9z7\">chute<\/span> <span class=\"styles_wordWithSynonyms__8M9z7\">est<\/span> <span class=\"styles_wordWithSynonyms__8M9z7\">extr\u00eamement<\/span> <span class=\"styles_wordWithSynonyms__8M9z7\">efficace<\/span>. <span class=\"styles_wordWithSynonyms__8M9z7\">Il<\/span> s&#8217;adapte <span class=\"styles_wordWithSynonyms__8M9z7\">\u00e0<\/span> l&#8217;agencement <span class=\"styles_wordWithSynonyms__8M9z7\">de<\/span> <span class=\"styles_wordWithSynonyms__8M9z7\">la<\/span> <span class=\"styles_wordWithSynonyms__8M9z7\">pi\u00e8ce<\/span> <span class=\"styles_wordWithSynonyms__8M9z7\">et<\/span> identifie <span class=\"styles_wordWithSynonyms__8M9z7\">toutes<\/span> <span class=\"styles_wordWithSynonyms__8M9z7\">les<\/span> <span class=\"styles_wordWithSynonyms__8M9z7\">cat\u00e9gories<\/span> d&#8217;automne. <span class=\"styles_wordWithSynonyms__8M9z7\">D\u00e8s<\/span> qu&#8217;une <span class=\"styles_wordWithSynonyms__8M9z7\">chute<\/span> <span class=\"styles_wordWithSynonyms__8M9z7\">est<\/span> d\u00e9tect\u00e9e, une <span class=\"styles_wordWithSynonyms__8M9z7\">notification<\/span> <span class=\"styles_wordWithSynonyms__8M9z7\">est<\/span> g\u00e9n\u00e9r\u00e9e <span class=\"styles_wordWithSynonyms__8M9z7\">et<\/span> <span class=\"styles_wordWithSynonyms__8M9z7\">automatiquement<\/span> <span class=\"styles_wordWithSynonyms__8M9z7\">envoy\u00e9e<\/span> au <span class=\"styles_wordWithSynonyms__8M9z7\">personnel<\/span> <span class=\"styles_wordWithSynonyms__8M9z7\">m\u00e9dical<\/span>. <span class=\"styles_wordWithSynonyms__8M9z7\">Gr\u00e2ce<\/span> <span class=\"styles_wordWithSynonyms__8M9z7\">\u00e0<\/span> cette <span class=\"styles_wordWithSynonyms__8M9z7\">alerte<\/span> <span class=\"styles_wordWithSynonyms__8M9z7\">en<\/span> <span class=\"styles_wordWithSynonyms__8M9z7\">temps<\/span> <span class=\"styles_wordWithSynonyms__8M9z7\">r\u00e9el<\/span>, l&#8217;intervention <span class=\"styles_wordWithSynonyms__8M9z7\">peut<\/span> <span class=\"styles_wordWithSynonyms__8M9z7\">\u00eatre<\/span> effectu\u00e9e <span class=\"styles_wordWithSynonyms__8M9z7\">plus<\/span> <span class=\"styles_wordWithSynonyms__8M9z7\">rapidement<\/span>, <span class=\"styles_wordWithSynonyms__8M9z7\">plus<\/span> pertinente <span class=\"styles_wordWithSynonyms__8M9z7\">et<\/span> <span class=\"styles_wordWithSynonyms__8M9z7\">plus<\/span> <span class=\"styles_wordWithSynonyms__8M9z7\">efficace<\/span>, <span class=\"styles_wordWithSynonyms__8M9z7\">r\u00e9duisant<\/span> <span class=\"styles_wordWithSynonyms__8M9z7\">ainsi<\/span> <span class=\"styles_wordWithSynonyms__8M9z7\">le<\/span> <span class=\"styles_wordWithSynonyms__8M9z7\">temps<\/span> <span class=\"styles_wordWithSynonyms__8M9z7\">de<\/span> <span class=\"styles_wordWithSynonyms__8M9z7\">pr\u00e9sence<\/span> <span class=\"styles_wordWithSynonyms__8M9z7\">du<\/span> <span class=\"styles_wordWithSynonyms__8M9z7\">personnel<\/span> <span class=\"styles_wordWithSynonyms__8M9z7\">sur<\/span> <span class=\"styles_wordWithSynonyms__8M9z7\">site<\/span>.<\/span><\/h5>\t\t\t\t\t\t<\/div>\n\t\t\t\t<\/div>\n\t\t<div class=\"elementor-element elementor-element-7e26c6f e-con-full e-flex e-con e-child\" data-id=\"7e26c6f\" data-element_type=\"container\" data-settings=\"{&quot;content_width&quot;:&quot;full&quot;}\">\n\t\t\t\t<div class=\"elementor-element elementor-element-fbcab33 elementor-widget elementor-widget-image\" data-id=\"fbcab33\" data-element_type=\"widget\" data-widget_type=\"image.default\">\n\t\t\t\t<div class=\"elementor-widget-container\">\n\t\t\t<style>\/*! elementor - v3.16.0 - 17-10-2023 *\/\n.elementor-widget-image{text-align:center}.elementor-widget-image a{display:inline-block}.elementor-widget-image a img[src$=\".svg\"]{width:48px}.elementor-widget-image img{vertical-align:middle;display:inline-block}<\/style>\t\t\t\t\t\t\t\t\t\t\t\t<img loading=\"lazy\" decoding=\"async\" width=\"640\" height=\"427\" src=\"https:\/\/ohmcare.com\/wp-content\/uploads\/2023\/10\/seniors_02-1024x683.jpg\" class=\"attachment-large size-large wp-image-12420\" alt=\"\" srcset=\"https:\/\/ohmcare.com\/wp-content\/uploads\/2023\/10\/seniors_02-1024x683.jpg 1024w, https:\/\/ohmcare.com\/wp-content\/uploads\/2023\/10\/seniors_02-300x200.jpg 300w, https:\/\/ohmcare.com\/wp-content\/uploads\/2023\/10\/seniors_02-768x512.jpg 768w, https:\/\/ohmcare.com\/wp-content\/uploads\/2023\/10\/seniors_02-1536x1025.jpg 1536w, https:\/\/ohmcare.com\/wp-content\/uploads\/2023\/10\/seniors_02-2048x1366.jpg 2048w, https:\/\/ohmcare.com\/wp-content\/uploads\/2023\/10\/seniors_02-365x243.jpg 365w, https:\/\/ohmcare.com\/wp-content\/uploads\/2023\/10\/seniors_02-600x400.jpg 600w\" sizes=\"auto, (max-width: 640px) 100vw, 640px\" \/>\t\t\t\t\t\t\t\t\t\t\t\t\t\t\t<\/div>\n\t\t\t\t<\/div>\n\t\t\t\t<\/div>\n\t\t\t\t<div class=\"elementor-element elementor-element-37d7868 elementor-widget elementor-widget-text-editor\" data-id=\"37d7868\" data-element_type=\"widget\" data-widget_type=\"text-editor.default\">\n\t\t\t\t<div class=\"elementor-widget-container\">\n\t\t\t\t\t\t\t\t\t\t\t\t\t<\/div>\n\t\t\t\t<\/div>\n\t\t\t\t\t<\/div>\n\t\t\t\t<\/div>\n\t\t<div class=\"elementor-element elementor-element-569ec4b e-flex e-con-boxed e-con e-parent\" data-id=\"569ec4b\" data-element_type=\"container\" data-settings=\"{&quot;content_width&quot;:&quot;boxed&quot;}\" data-core-v316-plus=\"true\">\n\t\t\t\t\t<div class=\"e-con-inner\">\n\t\t\t\t<div class=\"elementor-element elementor-element-3efc953 animated-slow elementor-invisible elementor-widget elementor-widget-heading\" data-id=\"3efc953\" data-element_type=\"widget\" data-settings=\"{&quot;_animation&quot;:&quot;fadeInRight&quot;}\" data-widget_type=\"heading.default\">\n\t\t\t\t<div class=\"elementor-widget-container\">\n\t\t\t<h2 class=\"elementor-heading-title elementor-size-default\">Pr\u00e9vention de la chute <br>par la d\u00e9tection des sorties de lit <\/h2>\t\t<\/div>\n\t\t\t\t<\/div>\n\t\t\t\t\t<\/div>\n\t\t\t\t<\/div>\n\t\t<div class=\"elementor-element elementor-element-3621b07 e-flex e-con-boxed e-con e-parent\" data-id=\"3621b07\" data-element_type=\"container\" data-settings=\"{&quot;content_width&quot;:&quot;boxed&quot;}\" data-core-v316-plus=\"true\">\n\t\t\t\t\t<div class=\"e-con-inner\">\n\t\t<div class=\"elementor-element elementor-element-abb8068 e-con-full e-flex e-con e-child\" data-id=\"abb8068\" data-element_type=\"container\" data-settings=\"{&quot;content_width&quot;:&quot;full&quot;}\">\n\t\t\t\t<div class=\"elementor-element elementor-element-2c79717 elementor-widget elementor-widget-image\" data-id=\"2c79717\" data-element_type=\"widget\" data-widget_type=\"image.default\">\n\t\t\t\t<div class=\"elementor-widget-container\">\n\t\t\t\t\t\t\t\t\t\t\t\t\t\t\t<img loading=\"lazy\" decoding=\"async\" width=\"640\" height=\"360\" src=\"https:\/\/ohmcare.com\/wp-content\/uploads\/2023\/10\/senior_04-1024x576.jpg\" class=\"attachment-large size-large wp-image-12516\" alt=\"\" srcset=\"https:\/\/ohmcare.com\/wp-content\/uploads\/2023\/10\/senior_04-1024x576.jpg 1024w, https:\/\/ohmcare.com\/wp-content\/uploads\/2023\/10\/senior_04-300x169.jpg 300w, https:\/\/ohmcare.com\/wp-content\/uploads\/2023\/10\/senior_04-768x432.jpg 768w, https:\/\/ohmcare.com\/wp-content\/uploads\/2023\/10\/senior_04-1536x864.jpg 1536w, https:\/\/ohmcare.com\/wp-content\/uploads\/2023\/10\/senior_04-2048x1152.jpg 2048w, https:\/\/ohmcare.com\/wp-content\/uploads\/2023\/10\/senior_04-600x338.jpg 600w\" sizes=\"auto, (max-width: 640px) 100vw, 640px\" \/>\t\t\t\t\t\t\t\t\t\t\t\t\t\t\t<\/div>\n\t\t\t\t<\/div>\n\t\t\t\t<\/div>\n\t\t<div class=\"elementor-element elementor-element-cb74383 e-con-full e-flex e-con e-child\" data-id=\"cb74383\" data-element_type=\"container\" data-settings=\"{&quot;content_width&quot;:&quot;full&quot;}\">\n\t\t\t\t<div class=\"elementor-element elementor-element-6c9916f elementor-widget elementor-widget-text-editor\" data-id=\"6c9916f\" data-element_type=\"widget\" data-widget_type=\"text-editor.default\">\n\t\t\t\t<div class=\"elementor-widget-container\">\n\t\t\t\t\t\t\t<h5 class=\"styles_resultArea__Y7sp9 styles_outputBackground__TJhLY\"><span class=\"\"><span class=\"styles_wordWithSynonyms__8M9z7\">Sortir<\/span> <span class=\"styles_wordWithSynonyms__8M9z7\">du<\/span> <span class=\"styles_wordWithSynonyms__8M9z7\">lit<\/span> <span class=\"styles_wordWithSynonyms__8M9z7\">peut<\/span> <span class=\"styles_wordWithSynonyms__8M9z7\">pr\u00e9senter<\/span> <span class=\"styles_wordWithSynonyms__8M9z7\">un<\/span> <span class=\"styles_wordWithSynonyms__8M9z7\">risque<\/span> <span class=\"styles_wordWithSynonyms__8M9z7\">s\u00e9rieux<\/span> <span class=\"styles_wordWithSynonyms__8M9z7\">de<\/span> <span class=\"styles_wordWithSynonyms__8M9z7\">chute<\/span>. <span class=\"styles_wordWithSynonyms__8M9z7\">M\u00eame<\/span> <span class=\"styles_wordWithSynonyms__8M9z7\">si<\/span> <span class=\"styles_wordWithSynonyms__8M9z7\">certains<\/span> <span class=\"styles_wordWithSynonyms__8M9z7\">patients<\/span> <span class=\"styles_wordWithSynonyms__8M9z7\">ne<\/span> <span class=\"styles_wordWithSynonyms__8M9z7\">parviennent<\/span> <span class=\"styles_wordWithSynonyms__8M9z7\">pas<\/span> <span class=\"styles_wordWithSynonyms__8M9z7\">\u00e0<\/span> se <span class=\"styles_wordWithSynonyms__8M9z7\">lever<\/span> <span class=\"styles_wordWithSynonyms__8M9z7\">seuls<\/span>, <span class=\"styles_wordWithSynonyms__8M9z7\">ils<\/span> <span class=\"styles_wordWithSynonyms__8M9z7\">prennent<\/span> <span class=\"styles_wordWithSynonyms__8M9z7\">parfois<\/span> <span class=\"styles_wordWithSynonyms__8M9z7\">le<\/span> <span class=\"styles_wordWithSynonyms__8M9z7\">risque<\/span> <span class=\"styles_wordWithSynonyms__8M9z7\">de<\/span> <span class=\"styles_wordWithSynonyms__8M9z7\">le<\/span> <span class=\"styles_wordWithSynonyms__8M9z7\">faire<\/span>. <span class=\"styles_wordWithSynonyms__8M9z7\">Nos<\/span> algorithmes <span class=\"styles_wordWithSynonyms__8M9z7\">de<\/span> <span class=\"styles_wordWithSynonyms__8M9z7\">suivi<\/span> <span class=\"styles_wordWithSynonyms__8M9z7\">de<\/span> <span class=\"styles_wordWithSynonyms__8M9z7\">mouvement<\/span> d\u00e9tectent <span class=\"styles_wordWithSynonyms__8M9z7\">les<\/span> <span class=\"styles_wordWithSynonyms__8M9z7\">risques<\/span> <span class=\"styles_wordWithSynonyms__8M9z7\">de<\/span> <span class=\"styles_wordWithSynonyms__8M9z7\">chute<\/span> <span class=\"styles_wordWithSynonyms__8M9z7\">dans<\/span> <span class=\"styles_wordWithSynonyms__8M9z7\">leur<\/span> <span class=\"styles_wordWithSynonyms__8M9z7\">champ<\/span> <span class=\"styles_wordWithSynonyms__8M9z7\">de<\/span> <span class=\"styles_wordWithSynonyms__8M9z7\">vision<\/span> <span class=\"styles_wordWithSynonyms__8M9z7\">et<\/span> <span class=\"styles_wordWithSynonyms__8M9z7\">fournissent<\/span> <span class=\"styles_wordWithSynonyms__8M9z7\">des<\/span> alertes <span class=\"styles_wordWithSynonyms__8M9z7\">en<\/span> <span class=\"styles_wordWithSynonyms__8M9z7\">temps<\/span> <span class=\"styles_wordWithSynonyms__8M9z7\">r\u00e9el<\/span> au <span class=\"styles_wordWithSynonyms__8M9z7\">personnel<\/span> <span class=\"styles_wordWithSynonyms__8M9z7\">m\u00e9dical<\/span> <span class=\"styles_wordWithSynonyms__8M9z7\">afin<\/span> qu&#8217;il <span class=\"styles_wordWithSynonyms__8M9z7\">puisse<\/span> <span class=\"styles_wordWithSynonyms__8M9z7\">r\u00e9agir<\/span> <span class=\"styles_wordWithSynonyms__8M9z7\">rapidement<\/span> <span class=\"styles_wordWithSynonyms__8M9z7\">et<\/span> <span class=\"styles_wordWithSynonyms__8M9z7\">pr\u00e9venir<\/span> <span class=\"styles_wordWithSynonyms__8M9z7\">les<\/span> chutes.<\/span><\/h5>\t\t\t\t\t\t<\/div>\n\t\t\t\t<\/div>\n\t\t\t\t<\/div>\n\t\t\t\t\t<\/div>\n\t\t\t\t<\/div>\n\t\t\t\t<section class=\"elementor-section elementor-top-section elementor-element elementor-element-ce3e9b7 elementor-section-stretched elementor-section-content-middle elementor-section-height-min-height elementor-section-boxed elementor-section-height-default elementor-section-items-middle\" data-id=\"ce3e9b7\" data-element_type=\"section\" data-settings=\"{&quot;stretch_section&quot;:&quot;section-stretched&quot;,&quot;background_background&quot;:&quot;classic&quot;}\">\n\t\t\t\t\t\t<div class=\"elementor-container elementor-column-gap-default\">\n\t\t\t\t\t<div class=\"elementor-column elementor-col-100 elementor-top-column elementor-element elementor-element-8400ebc quick-contact\" data-id=\"8400ebc\" data-element_type=\"column\" data-settings=\"{&quot;background_background&quot;:&quot;classic&quot;}\">\n\t\t\t<div class=\"elementor-widget-wrap elementor-element-populated\">\n\t\t\t\t\t\t\t\t<div class=\"elementor-element elementor-element-024847a elementor-widget elementor-widget-rs-heading\" data-id=\"024847a\" data-element_type=\"widget\" data-widget_type=\"rs-heading.default\">\n\t\t\t\t<div class=\"elementor-widget-container\">\n\t\t\t\n        <div class=\"prelements-heading style2 animate- \">\n        \t<div class=\"title-inner\">        \t\t      \t\t\n\t            <h3 class=\"title\"><span class=\"watermark\"><\/span>\n<br>Besoins d'informations ?<\/h3>\t\t\t\t\n\t\t\t\t\t        <\/div>\n\t                <\/div>\n        \t\t<\/div>\n\t\t\t\t<\/div>\n\t\t\t\t<div class=\"elementor-element elementor-element-1a75db8 elementor-widget__width-initial elementor-widget elementor-widget-rs-cf7\" data-id=\"1a75db8\" data-element_type=\"widget\" data-widget_type=\"rs-cf7.default\">\n\t\t\t\t<div class=\"elementor-widget-container\">\n\t\t\t\n<div class=\"wpcf7 no-js\" id=\"wpcf7-f255-o1\" lang=\"en-US\" dir=\"ltr\">\n<div class=\"screen-reader-response\"><p role=\"status\" aria-live=\"polite\" aria-atomic=\"true\"><\/p> <ul><\/ul><\/div>\n<form action=\"\/index.php\/wp-json\/wp\/v2\/pages\/246#wpcf7-f255-o1\" method=\"post\" class=\"wpcf7-form init\" aria-label=\"Contact form\" novalidate=\"novalidate\" data-status=\"init\">\n<div style=\"display: none;\">\n<input type=\"hidden\" name=\"_wpcf7\" value=\"255\" \/>\n<input type=\"hidden\" name=\"_wpcf7_version\" value=\"5.8.1\" \/>\n<input type=\"hidden\" name=\"_wpcf7_locale\" value=\"en_US\" \/>\n<input type=\"hidden\" name=\"_wpcf7_unit_tag\" value=\"wpcf7-f255-o1\" \/>\n<input type=\"hidden\" name=\"_wpcf7_container_post\" value=\"0\" \/>\n<input type=\"hidden\" name=\"_wpcf7_posted_data_hash\" value=\"\" \/>\n<\/div>\n<div class=\"contact-form\">\n\t<p><br \/>\n<span class=\"wpcf7-form-control-wrap\" data-name=\"your-name\"><input size=\"40\" class=\"wpcf7-form-control wpcf7-text wpcf7-validates-as-required\" aria-required=\"true\" aria-invalid=\"false\" placeholder=\"Nom\" value=\"\" type=\"text\" name=\"your-name\" \/><\/span><br \/>\n<span class=\"wpcf7-form-control-wrap\" data-name=\"your-email\"><input size=\"40\" class=\"wpcf7-form-control wpcf7-email wpcf7-validates-as-required wpcf7-text wpcf7-validates-as-email\" aria-required=\"true\" aria-invalid=\"false\" placeholder=\"E-Mail\" value=\"\" type=\"email\" name=\"your-email\" \/><\/span><br \/>\n<span class=\"wpcf7-form-control-wrap\" data-name=\"your-phone\"><input size=\"40\" class=\"wpcf7-form-control wpcf7-text wpcf7-validates-as-required\" aria-required=\"true\" aria-invalid=\"false\" placeholder=\"Tel\" value=\"\" type=\"text\" name=\"your-phone\" \/><\/span><br \/>\n<span class=\"wpcf7-form-control-wrap\" data-name=\"your-message\"><textarea cols=\"40\" rows=\"10\" class=\"wpcf7-form-control wpcf7-textarea\" aria-invalid=\"false\" placeholder=\"\u00c9crivez Votre message ici\" name=\"your-message\"><\/textarea><\/span>\n\t<\/p>\n\t<div class=\"form-button\">\n\t\t<p><input class=\"wpcf7-form-control wpcf7-submit has-spinner\" type=\"submit\" value=\"Envoyer\" \/>\n\t\t<\/p>\n\t<\/div>\n<\/div><div class=\"wpcf7-response-output\" aria-hidden=\"true\"><\/div>\n<\/form>\n<\/div>\n\t\t<\/div>\n\t\t\t\t<\/div>\n\t\t\t\t\t<\/div>\n\t\t<\/div>\n\t\t\t\t\t\t\t<\/div>\n\t\t<\/section>\n\t\t<div class=\"elementor-element elementor-element-62520bf e-flex e-con-boxed e-con e-parent\" data-id=\"62520bf\" data-element_type=\"container\" data-settings=\"{&quot;content_width&quot;:&quot;boxed&quot;}\" data-core-v316-plus=\"true\">\n\t\t\t\t\t<div class=\"e-con-inner\">\n\t\t\t\t<div class=\"elementor-element elementor-element-45d5778 elementor-widget elementor-widget-text-editor\" data-id=\"45d5778\" data-element_type=\"widget\" data-widget_type=\"text-editor.default\">\n\t\t\t\t<div class=\"elementor-widget-container\">\n\t\t\t\t\t\t\t\t\t\t\t\t\t<\/div>\n\t\t\t\t<\/div>\n\t\t\t\t\t<\/div>\n\t\t\t\t<\/div>\n\t\t\t\t\t\t\t<\/div>\n\t\t","protected":false},"excerpt":{"rendered":"<p>La detection de chute Notre syst\u00e8me innovant de d\u00e9tection de chute est extr\u00eamement efficace. Il s&#8217;adapte \u00e0 l&#8217;agencement de la pi\u00e8ce et&#8230;<\/p>\n","protected":false},"author":1,"featured_media":0,"parent":0,"menu_order":0,"comment_status":"closed","ping_status":"closed","template":"","meta":{"footnotes":""},"class_list":["post-246","page","type-page","status-publish","hentry"],"acf":[],"_links":{"self":[{"href":"https:\/\/ohmcare.com\/index.php\/wp-json\/wp\/v2\/pages\/246","targetHints":{"allow":["GET"]}}],"collection":[{"href":"https:\/\/ohmcare.com\/index.php\/wp-json\/wp\/v2\/pages"}],"about":[{"href":"https:\/\/ohmcare.com\/index.php\/wp-json\/wp\/v2\/types\/page"}],"author":[{"embeddable":true,"href":"https:\/\/ohmcare.com\/index.php\/wp-json\/wp\/v2\/users\/1"}],"replies":[{"embeddable":true,"href":"https:\/\/ohmcare.com\/index.php\/wp-json\/wp\/v2\/comments?post=246"}],"version-history":[{"count":45,"href":"https:\/\/ohmcare.com\/index.php\/wp-json\/wp\/v2\/pages\/246\/revisions"}],"predecessor-version":[{"id":12525,"href":"https:\/\/ohmcare.com\/index.php\/wp-json\/wp\/v2\/pages\/246\/revisions\/12525"}],"wp:attachment":[{"href":"https:\/\/ohmcare.com\/index.php\/wp-json\/wp\/v2\/media?parent=246"}],"curies":[{"name":"wp","href":"https:\/\/api.w.org\/{rel}","templated":true}]}}