{"id":5513,"date":"2018-07-05T10:42:13","date_gmt":"2018-07-05T08:42:13","guid":{"rendered":"http:\/\/192.168.0.106\/bstart\/?page_id=5513"},"modified":"2023-10-23T03:50:28","modified_gmt":"2023-10-23T01:50:28","slug":"a-propos","status":"publish","type":"page","link":"https:\/\/ohmcare.com\/index.php\/a-propos\/","title":{"rendered":"A Propos"},"content":{"rendered":"\t\t<div data-elementor-type=\"wp-page\" data-elementor-id=\"5513\" class=\"elementor elementor-5513\">\n\t\t\t\t\t\t\t\t\t<section class=\"elementor-section elementor-top-section elementor-element elementor-element-c1ea677 elementor-section-stretched elementor-section-boxed elementor-section-height-default elementor-section-height-default\" data-id=\"c1ea677\" data-element_type=\"section\" data-settings=\"{&quot;stretch_section&quot;:&quot;section-stretched&quot;}\">\n\t\t\t\t\t\t<div class=\"elementor-container elementor-column-gap-default\">\n\t\t\t\t\t<div class=\"elementor-column elementor-col-100 elementor-top-column elementor-element elementor-element-483ff84\" data-id=\"483ff84\" data-element_type=\"column\">\n\t\t\t<div class=\"elementor-widget-wrap elementor-element-populated\">\n\t\t\t\t\t\t\t\t<div class=\"elementor-element elementor-element-97c6b43 elementor-widget elementor-widget-rs-heading\" data-id=\"97c6b43\" data-element_type=\"widget\" data-widget_type=\"rs-heading.default\">\n\t\t\t\t<div class=\"elementor-widget-container\">\n\t\t\t\n        <div class=\"prelements-heading style2 animate- \">\n        \t<div class=\"title-inner\">        \t\t      \t\t\n\t            <h2 class=\"title\"><span class=\"watermark\"><\/span>\u00c0 Propos de Ohmcare<\/h2>\t\t\t\t\n\t\t\t\t\t        <\/div>\n\t                    \t<div class=\"description\">\n            \t\t<p>Nous sommes d\u00e9vou\u00e9s \u00e0 am\u00e9liorer la qualit\u00e9 de vie des seniors en offrant des solutions innovantes et adapt\u00e9es \u00e0 leurs besoins. Forts d'une passion pour le bien-\u00eatre des a\u00een\u00e9s, nous nous effor\u00e7ons de cr\u00e9er un environnement synonyme de confort, de s\u00e9curit\u00e9 et de libert\u00e9.<\/p><p>\u00a0<\/p>            \t\t\n            \t<\/div>\n        \t        <\/div>\n        \t\t<\/div>\n\t\t\t\t<\/div>\n\t\t\t\t\t<\/div>\n\t\t<\/div>\n\t\t\t\t\t\t\t<\/div>\n\t\t<\/section>\n\t\t<div class=\"elementor-element elementor-element-777866f e-flex e-con-boxed e-con e-parent\" data-id=\"777866f\" data-element_type=\"container\" data-settings=\"{&quot;content_width&quot;:&quot;boxed&quot;}\" data-core-v316-plus=\"true\">\n\t\t\t\t\t<div class=\"e-con-inner\">\n\t\t\t\t<div class=\"elementor-element elementor-element-f6c93dc elementor-widget elementor-widget-image\" data-id=\"f6c93dc\" data-element_type=\"widget\" data-widget_type=\"image.default\">\n\t\t\t\t<div class=\"elementor-widget-container\">\n\t\t\t<style>\/*! elementor - v3.16.0 - 17-10-2023 *\/\n.elementor-widget-image{text-align:center}.elementor-widget-image a{display:inline-block}.elementor-widget-image a img[src$=\".svg\"]{width:48px}.elementor-widget-image img{vertical-align:middle;display:inline-block}<\/style>\t\t\t\t\t\t\t\t\t\t\t\t<img loading=\"lazy\" decoding=\"async\" width=\"640\" height=\"427\" src=\"https:\/\/ohmcare.com\/wp-content\/uploads\/2023\/10\/seniors_03-1024x683.jpg\" class=\"attachment-large size-large wp-image-12446\" alt=\"\" srcset=\"https:\/\/ohmcare.com\/wp-content\/uploads\/2023\/10\/seniors_03-1024x683.jpg 1024w, https:\/\/ohmcare.com\/wp-content\/uploads\/2023\/10\/seniors_03-300x200.jpg 300w, https:\/\/ohmcare.com\/wp-content\/uploads\/2023\/10\/seniors_03-768x513.jpg 768w, https:\/\/ohmcare.com\/wp-content\/uploads\/2023\/10\/seniors_03-1536x1025.jpg 1536w, https:\/\/ohmcare.com\/wp-content\/uploads\/2023\/10\/seniors_03-2048x1367.jpg 2048w, https:\/\/ohmcare.com\/wp-content\/uploads\/2023\/10\/seniors_03-365x243.jpg 365w, https:\/\/ohmcare.com\/wp-content\/uploads\/2023\/10\/seniors_03-600x400.jpg 600w\" sizes=\"auto, (max-width: 640px) 100vw, 640px\" \/>\t\t\t\t\t\t\t\t\t\t\t\t\t\t\t<\/div>\n\t\t\t\t<\/div>\n\t\t\t\t\t<\/div>\n\t\t\t\t<\/div>\n\t\t\t\t\t\t\t<\/div>\n\t\t","protected":false},"excerpt":{"rendered":"<p>\u00c0 Propos de Ohmcare Nous sommes d\u00e9vou\u00e9s \u00e0 am\u00e9liorer la qualit\u00e9 de vie des seniors en offrant des solutions innovantes et adapt\u00e9es&#8230;<\/p>\n","protected":false},"author":1,"featured_media":5457,"parent":0,"menu_order":0,"comment_status":"closed","ping_status":"closed","template":"","meta":{"footnotes":""},"class_list":["post-5513","page","type-page","status-publish","has-post-thumbnail","hentry"],"acf":[],"_links":{"self":[{"href":"https:\/\/ohmcare.com\/index.php\/wp-json\/wp\/v2\/pages\/5513","targetHints":{"allow":["GET"]}}],"collection":[{"href":"https:\/\/ohmcare.com\/index.php\/wp-json\/wp\/v2\/pages"}],"about":[{"href":"https:\/\/ohmcare.com\/index.php\/wp-json\/wp\/v2\/types\/page"}],"author":[{"embeddable":true,"href":"https:\/\/ohmcare.com\/index.php\/wp-json\/wp\/v2\/users\/1"}],"replies":[{"embeddable":true,"href":"https:\/\/ohmcare.com\/index.php\/wp-json\/wp\/v2\/comments?post=5513"}],"version-history":[{"count":5,"href":"https:\/\/ohmcare.com\/index.php\/wp-json\/wp\/v2\/pages\/5513\/revisions"}],"predecessor-version":[{"id":12452,"href":"https:\/\/ohmcare.com\/index.php\/wp-json\/wp\/v2\/pages\/5513\/revisions\/12452"}],"wp:featuredmedia":[{"embeddable":true,"href":"https:\/\/ohmcare.com\/index.php\/wp-json\/wp\/v2\/media\/5457"}],"wp:attachment":[{"href":"https:\/\/ohmcare.com\/index.php\/wp-json\/wp\/v2\/media?parent=5513"}],"curies":[{"name":"wp","href":"https:\/\/api.w.org\/{rel}","templated":true}]}}